{"id":9402,"date":"2020-11-22T20:35:23","date_gmt":"2020-11-22T19:35:23","guid":{"rendered":"https:\/\/kakavdobarfilm.eu\/movie-ratings\/"},"modified":"2020-11-22T20:35:23","modified_gmt":"2020-11-22T19:35:23","slug":"movie-ratings","status":"publish","type":"page","link":"https:\/\/kakavdobarfilm.eu\/en\/movie-ratings\/","title":{"rendered":"Movie ratings"},"content":{"rendered":"<div id=\"tdi_1\" class=\"tdc-zone\"><div class=\"tdc_zone tdi_2  wpb_row td-pb-row\"  >\n<style scoped>\n\/* custom css - generated by TagDiv Composer *\/\n\n\/* custom css - generated by TagDiv Composer *\/\n.tdi_2{\r\n                    min-height: 0;\r\n                }\n<\/style><div id=\"tdi_3\" class=\"tdc-row stretch_row_1200 td-stretch-content\"><div class=\"vc_row tdi_4  wpb_row td-pb-row tdc-element-style\" >\n<style scoped>\n\/* custom css - generated by TagDiv Composer *\/\n\n\/* custom css - generated by TagDiv Composer *\/\n.tdi_4,\r\n                .tdi_4 .tdc-columns{\r\n                    min-height: 0;\r\n                }.tdi_4,\r\n\t\t\t\t.tdi_4 .tdc-columns{\r\n\t\t\t\t    display: block;\r\n\t\t\t\t}.tdi_4 .tdc-columns{\r\n\t\t\t\t    width: 100%;\r\n\t\t\t\t}.tdi_4:before,\r\n\t\t\t\t.tdi_4:after{\r\n\t\t\t\t    display: table;\r\n\t\t\t\t}\n\/* inline tdc_css att - generated by TagDiv Composer *\/\n\n.tdi_4{\npadding-top:30px !important;\npadding-right:30px !important;\npadding-bottom:30px !important;\npadding-left:30px !important;\nposition:relative;\n}\n\n.tdi_4 .td_block_wrap{ text-align:left }\n\n<\/style>\n<div class=\"tdi_3_rand_style td-element-style\" ><style>\n\/* custom css - generated by TagDiv Composer *\/\n\n.tdi_3_rand_style{\nbackground-color:#dbdbdb !important;\n}\n <\/style><\/div><div class=\"vc_column tdi_6  wpb_column vc_column_container tdc-column td-pb-span12\">\n<style scoped>\n\/* custom css - generated by TagDiv Composer *\/\n\n\/* custom css - generated by TagDiv Composer *\/\n.tdi_6{\r\n                    vertical-align: baseline;\r\n                }.tdi_6 > .wpb_wrapper,\r\n\t\t\t\t.tdi_6 > .wpb_wrapper > .tdc-elements{\r\n\t\t\t\t    display: block;\r\n\t\t\t\t}.tdi_6 > .wpb_wrapper > .tdc-elements{\r\n\t\t\t\t    width: 100%;\r\n\t\t\t\t}.tdi_6 > .wpb_wrapper > .vc_row_inner{\r\n\t\t\t\t    width: auto;\r\n\t\t\t\t}.tdi_6 > .wpb_wrapper{\r\n\t\t\t\t    width: auto;\r\n\t\t\t\t    height: auto;\r\n\t\t\t\t}\n<\/style><div class=\"wpb_wrapper\" ><div class=\"tdm_block td_block_wrap tdm_block_fancy_text_image tdi_7 td_block_fancy_text tdm-layout-default tdm-content-horiz-left tdm-content-vert-center td-pb-border-top td_block_template_17 tdm-mobile-full\"  data-td-block-uid=\"tdi_7\" >\n<style>\n\/* custom css - generated by TagDiv Composer *\/\n.td_block_fancy_text .tdm-fancy-title{\r\n                  font-family: var(--td_default_google_font_2, 'Roboto', sans-serif);\r\n                  font-size: 155px;\r\n                  font-weight: bold;\r\n                  line-height: 106px;\r\n                  letter-spacing: -8px;\r\n                  margin-top: -5px;\r\n                  margin-bottom: -60px;\r\n                }.td_block_fancy_text .tdm-fancy-title span{\r\n                  display: block;\r\n                  word-break: break-word;\r\n                  padding: 10px 10px 47px 0;\r\n                }.td_block_fancy_text .tdm-fancy-title1{\r\n                  color: #333;\r\n                }.td_block_fancy_text .tdm-fancy-title2{\r\n                  color: #fff;\r\n                  text-shadow: 2px 8px 27px rgba(0, 0, 0, 0.1);\r\n                  top: -60px;\r\n                  position: relative;\r\n                }.td_block_fancy_text .tdm-btn{\r\n                  margin-top: 10px;\r\n                  margin-bottom: 10px;\r\n                }.td_block_fancy_text.tdm-content-horiz-center .tdm-fancy-title span{\r\n                  margin: 0 auto;\r\n                }.td_block_fancy_text.tdm-content-horiz-right .tdm-fancy-title span{\r\n                  margin-left: auto;\r\n                }body .tdi_7 .tdm-fancy-title1{\r\n\t\t\t\t\tcolor: var(--accent-color-1);\r\n\t\t\t\t}body .tdi_7 .tdm-fancy-title2{\r\n\t\t\t\t\tcolor: var(--accent-color-2);\r\n\t\t\t\t}@media (min-width: 1019px) and (max-width: 1140px) {\r\n                  .td_block_fancy_text .tdm-fancy-title {\r\n                    font-size: 120px;\r\n                    line-height: 80px;\r\n                    letter-spacing: -6px;\r\n                  }\r\n                }@media (min-width: 768px) and (max-width: 1018px) {\r\n                  .td_block_fancy_text .tdm-fancy-title {\r\n                    font-size: 98px;\r\n                    line-height: 70px;\r\n                    letter-spacing: -4px;\r\n                  }\r\n                }@media (max-width: 767px) {\r\n                  .td_block_fancy_text .tdm-fancy-title {\r\n                    font-size: 72px;\r\n                    line-height: 44px;\r\n                    letter-spacing: -4px;\r\n                    margin-top: 40px;\r\n                    margin-bottom: -76px;\r\n                  }\r\n                }@media (max-width: 767px) {\r\n                  .td_block_fancy_text.tdm-flip-yes .tdm-fancy-title,\r\n                  .td_block_fancy_text.tdm-flip-yes .tdm-image {\r\n                    margin-top: 30px;\r\n                  }\r\n                }\n<\/style><div class=\"td-block-width\"><div class=\"td-block-row tdm-row td-fix-index\"><div class=\"td-block-span5 tdm-col tdm-col-img\"><\/div><div class=\"td-block-span7 tdm-col\"><div class=\"tdm-text-wrap tdm-text-padding\"><h2 class=\"tdm-fancy-title\"><span class=\"tdm-fancy-title1\">Ocjene<\/span><span class=\"tdm-fancy-title2\">filmova<\/span><\/h2><p class=\"tdm-descr\">Da. Sustav zvjezdica najlak\u0161e je razumijeti. Pet za odli\u010dan, tri za prosije\u010dan i jedna za negledljiv film. Mnogi popularni filmski \u010dasopisi koriste sustav zvjezdica na svoj na\u010din. Total Film film s tri zvijezdice opisuje kao OK, a film s pet kao KO \u2013 knockout. Neki ozbiljniji, kao \u0161to je to \u010dasopis Britanskog filmskog instituta Sight and Sound, zvijezdice uop\u0107e ne koriste.<br><br>\nNa blogu Kakav dobar film primjenjujem vlastiti sustav ocjenjivanja koji ne opisuje kvalitetu filma koliko opisuje njegovu pogodnost ovisno o trenutku.<br><br>\nVi\u0161e o logici ocjena saznajte u nastavku.\n<\/p><\/div><\/div><\/div><\/div><\/div><div class=\"tdm_block td_block_wrap tdm_block_text_image tdi_8 td-animation-stack tdm-layout-13-23 tdm-content-horiz-right tdm-content-vert-center td-pb-border-top td_block_template_17\"  data-td-block-uid=\"tdi_8\" >\n<style>\n\/* custom css - generated by TagDiv Composer *\/\n.tdm_block_text_image .tdm-text-wrap{\r\n                  padding-top: 20px;\r\n                  padding-bottom: 20px;\r\n                }.tdm_block_text_image .tdm-descr{\r\n                  margin-bottom: 0;\r\n                }.tdm_block_text_image .tds-button{\r\n                  margin-top: 30px;\r\n                }@media (min-width: 767px) {\r\n                  .tdm_block_text_image.tdm-text-image-extend-img {\r\n                    margin-right: calc((-100vw + 100%) \/ 2);\r\n                  }\r\n                  .tdm_block_text_image.tdm-text-image-extend-img.tdm-flip-yes {\r\n                    margin-right: 0;\r\n                    margin-left: calc((-100vw + 100%) \/ 2);\r\n                  }\r\n                  .tdm_block_text_image.tdm-text-image-extend-img.tdm-flip-yes .tdm-col-img {\r\n                    text-align: right;\r\n                  }\r\n                }@media (max-width: 767px) {\r\n                  .tdm_block_text_image .tdm-col-img {\r\n                    margin-top: 36px;\r\n                  }\r\n                  .tdm_block_text_image.tdm-flip-yes .tdm-col-img {\r\n                    margin-top: 0;\r\n                    margin-bottom: 15px;\r\n                  }\r\n                }\n<\/style><div class=\"td-block-width tdm-fix-full\"><div class=\"td-block-row tdm-row\"><div class=\"td-block-span6 tdm-col\"><div class=\"tdm-text-wrap tdm-text-padding\"><div class=\"tds-title tds-title1 td-fix-index tdi_9 \"><h3 class=\"tdm-title tdm-title-md\">Jutarnji program<\/h3><\/div><p class=\"tdm-descr td-fix-index\">\u2022 jednostavna, bezbri\u017ena radnja<br>\n\u2022 lako se prati uz kavu ili drugu aktivnost<br>\n\u2022 ne smeta ako se dio propusti<br><\/p><\/div><\/div><div class=\"td-block-span6 tdm-col tdm-col-img\"><img class=\"tdm-image td-fix-index td-lazy-img\" data-type=\"image_tag\" data-img-url=\"https:\/\/kakavdobarfilm.eu\/wp-content\/uploads\/2021\/09\/Ocjene-filmova-JUTARNJI-PROGRAM.jpg\"  title=\"Ocjene-filmova-JUTARNJI-PROGRAM\" alt=\"ocjene recenzije jutarnji program\" width=\"1250\" height=\"440\"><\/div><\/div><\/div><\/div><div class=\"tdm_block td_block_wrap tdm_block_text_image tdi_10 td-animation-stack tdm-layout-13-23 tdm-content-horiz-right tdm-content-vert-center td-pb-border-top td_block_template_17\"  data-td-block-uid=\"tdi_10\" ><div class=\"td-block-width tdm-fix-full\"><div class=\"td-block-row tdm-row\"><div class=\"td-block-span6 tdm-col\"><div class=\"tdm-text-wrap tdm-text-padding\"><div class=\"tds-title tds-title1 td-fix-index tdi_11 \"><h3 class=\"tdm-title tdm-title-md\">Nedjelja popodne<\/h3><\/div><p class=\"tdm-descr td-fix-index\">\u2022 upitna umjetni\u010dka kvaliteta<br>\n\u2022 zabavna, duhovita ili \u010dak glupa radnja<br>\n\u2022 film za lije\u010denje mamurluka\n<\/p><\/div><\/div><div class=\"td-block-span6 tdm-col tdm-col-img\"><img class=\"tdm-image td-fix-index td-lazy-img\" data-type=\"image_tag\" data-img-url=\"https:\/\/kakavdobarfilm.eu\/wp-content\/uploads\/2021\/10\/Ocjene-filmova-nedjelja-popodne.jpg\"  title=\"Ocjene-filmova-nedjelja-popodne\" width=\"1250\" height=\"440\"><\/div><\/div><\/div><\/div><div class=\"tdm_block td_block_wrap tdm_block_text_image tdi_12 td-animation-stack tdm-layout-13-23 tdm-content-horiz-right tdm-content-vert-center td-pb-border-top td_block_template_17\"  data-td-block-uid=\"tdi_12\" ><div class=\"td-block-width tdm-fix-full\"><div class=\"td-block-row tdm-row\"><div class=\"td-block-span6 tdm-col\"><div class=\"tdm-text-wrap tdm-text-padding\"><div class=\"tds-title tds-title1 td-fix-index tdi_13 \"><h3 class=\"tdm-title tdm-title-md\">Ponedjeljak nave\u010der<\/h3><\/div><p class=\"tdm-descr td-fix-index\">\u2022 komedija ili zabavna drama<br>\n\u2022 jednostavna, dirljiva pri\u010da<br>\n\u2022 solidna kvaliteta\n<\/p><\/div><\/div><div class=\"td-block-span6 tdm-col tdm-col-img\"><img class=\"tdm-image td-fix-index td-lazy-img\" data-type=\"image_tag\" data-img-url=\"https:\/\/kakavdobarfilm.eu\/wp-content\/uploads\/2021\/11\/Ocjene-filmova-ponedjeljak.jpg\"  title=\"Ocjene-filmova-ponedjeljak\" width=\"1250\" height=\"440\"><\/div><\/div><\/div><\/div><div class=\"tdm_block td_block_wrap tdm_block_text_image tdi_14 td-animation-stack tdm-layout-13-23 tdm-content-horiz-right tdm-content-vert-center td-pb-border-top td_block_template_17\"  data-td-block-uid=\"tdi_14\" ><div class=\"td-block-width tdm-fix-full\"><div class=\"td-block-row tdm-row\"><div class=\"td-block-span6 tdm-col\"><div class=\"tdm-text-wrap tdm-text-padding\"><div class=\"tds-title tds-title1 td-fix-index tdi_15 \"><h3 class=\"tdm-title tdm-title-md\">Srijeda nave\u010der<\/h3><\/div><p class=\"tdm-descr td-fix-index\">\u2022 naj\u010de\u0161\u0107e je dokumentarac<br>\n\u2022 zanimlijva, neobi\u010dna tema<br>\n\u2022 pristojna kvaliteta\n<\/p><\/div><\/div><div class=\"td-block-span6 tdm-col tdm-col-img\"><img class=\"tdm-image td-fix-index td-lazy-img\" data-type=\"image_tag\" data-img-url=\"https:\/\/kakavdobarfilm.eu\/wp-content\/uploads\/2021\/10\/Ocjene-filmova-SRIJEDA-NAVECER.jpg\"  title=\"Ocjene-filmova-SRIJEDA-NAVECER\" alt=\"ocjena filma srijeda navecer\" width=\"1250\" height=\"440\"><\/div><\/div><\/div><\/div><div class=\"tdm_block td_block_wrap tdm_block_text_image tdi_16 td-animation-stack tdm-layout-13-23 tdm-content-horiz-right tdm-content-vert-center td-pb-border-top td_block_template_17\"  data-td-block-uid=\"tdi_16\" ><div class=\"td-block-width tdm-fix-full\"><div class=\"td-block-row tdm-row\"><div class=\"td-block-span6 tdm-col\"><div class=\"tdm-text-wrap tdm-text-padding\"><div class=\"tds-title tds-title1 td-fix-index tdi_17 \"><h3 class=\"tdm-title tdm-title-md\">Subota nave\u010der<\/h3><\/div><p class=\"tdm-descr td-fix-index\">\u2022 uradak vrhunske kvalitete<br>\n\u2022 zabavna, uzbudljiva ili dirljiva pri\u010da<br>\n\u2022 film bez premca\n<\/p><\/div><\/div><div class=\"td-block-span6 tdm-col tdm-col-img\"><img class=\"tdm-image td-fix-index td-lazy-img\" data-type=\"image_tag\" data-img-url=\"https:\/\/kakavdobarfilm.eu\/wp-content\/uploads\/2021\/10\/subota-navecer-ocjene-filmova.jpg\"  title=\"subota-navecer-ocjene-filmova\" alt=\"ocjena filma subota navecer\" width=\"1250\" height=\"440\"><\/div><\/div><\/div><\/div><div class=\"tdm_block td_block_wrap tdm_block_text_image tdi_18 td-animation-stack tdm-layout-13-23 tdm-content-horiz-right tdm-content-vert-center td-pb-border-top td_block_template_17\"  data-td-block-uid=\"tdi_18\" ><div class=\"td-block-width tdm-fix-full\"><div class=\"td-block-row tdm-row\"><div class=\"td-block-span6 tdm-col\"><div class=\"tdm-text-wrap tdm-text-padding\"><div class=\"tds-title tds-title1 td-fix-index tdi_19 \"><h3 class=\"tdm-title tdm-title-md\">Iza pono\u0107i<\/h3><\/div><p class=\"tdm-descr td-fix-index\">\u2022 uradak sanjive, melankoli\u010dne radnje<br>\n\u2022 dobra kvaliteta<br>\n\u2022 naj\u010de\u0161\u0107e je inozemne produkcije\n\n<\/p><\/div><\/div><div class=\"td-block-span6 tdm-col tdm-col-img\"><img class=\"tdm-image td-fix-index td-lazy-img\" data-type=\"image_tag\" data-img-url=\"https:\/\/kakavdobarfilm.eu\/wp-content\/uploads\/2021\/10\/Ocjene-filmova-IZA-PONOCI.jpg\"  title=\"Ocjene-filmova-IZA-PONOCI\" alt=\"ocjena filma iza ponoci\" width=\"1250\" height=\"440\"><\/div><\/div><\/div><\/div><\/div><\/div><\/div><\/div><\/div><\/div>","protected":false},"excerpt":{"rendered":"","protected":false},"author":1,"featured_media":8627,"parent":0,"menu_order":0,"comment_status":"closed","ping_status":"closed","template":"","meta":{"_acf_changed":false,"footnotes":""},"class_list":["post-9402","page","type-page","status-publish","has-post-thumbnail"],"acf":[],"yoast_head":"<!-- This site is optimized with the Yoast SEO plugin v25.7 - https:\/\/yoast.com\/wordpress\/plugins\/seo\/ -->\n<title>Movie ratings - What a film<\/title>\n<meta name=\"description\" content=\"Find a movie according to your mood with our film ratings. Maybe you&#039;re looking for a comedy to relax after a long week or a hangover movie: we&#039;ve got it all!\" \/>\n<meta name=\"robots\" content=\"index, follow, max-snippet:-1, max-image-preview:large, max-video-preview:-1\" \/>\n<link rel=\"canonical\" href=\"https:\/\/kakavdobarfilm.eu\/en\/movie-ratings\/\" \/>\n<meta property=\"og:locale\" content=\"en_US\" \/>\n<meta property=\"og:type\" content=\"article\" \/>\n<meta property=\"og:title\" content=\"Movie ratings - What a film\" \/>\n<meta property=\"og:description\" content=\"Find a movie according to your mood with our film ratings. Maybe you&#039;re looking for a comedy to relax after a long week or a hangover movie: we&#039;ve got it all!\" \/>\n<meta property=\"og:url\" content=\"https:\/\/kakavdobarfilm.eu\/en\/movie-ratings\/\" \/>\n<meta property=\"og:site_name\" content=\"What a film\" \/>\n<meta property=\"og:image\" content=\"https:\/\/kakavdobarfilm.eu\/wp-content\/uploads\/2020\/10\/ocjene-filmova-1.png\" \/>\n\t<meta property=\"og:image:width\" content=\"1200\" \/>\n\t<meta property=\"og:image:height\" content=\"675\" \/>\n\t<meta property=\"og:image:type\" content=\"image\/png\" \/>\n<meta name=\"twitter:card\" content=\"summary_large_image\" \/>\n<meta name=\"twitter:label1\" content=\"Est. reading time\" \/>\n\t<meta name=\"twitter:data1\" content=\"3 minutes\" \/>\n<script type=\"application\/ld+json\" class=\"yoast-schema-graph\">{\"@context\":\"https:\/\/schema.org\",\"@graph\":[{\"@type\":\"WebPage\",\"@id\":\"https:\/\/kakavdobarfilm.eu\/en\/movie-ratings\/\",\"url\":\"https:\/\/kakavdobarfilm.eu\/en\/movie-ratings\/\",\"name\":\"Movie ratings - What a film\",\"isPartOf\":{\"@id\":\"https:\/\/kakavdobarfilm.eu\/en\/#website\"},\"primaryImageOfPage\":{\"@id\":\"https:\/\/kakavdobarfilm.eu\/en\/movie-ratings\/#primaryimage\"},\"image\":{\"@id\":\"https:\/\/kakavdobarfilm.eu\/en\/movie-ratings\/#primaryimage\"},\"thumbnailUrl\":\"https:\/\/kakavdobarfilm.eu\/wp-content\/uploads\/2020\/10\/ocjene-filmova-1.png\",\"datePublished\":\"2020-11-22T19:35:23+00:00\",\"description\":\"Find a movie according to your mood with our film ratings. Maybe you're looking for a comedy to relax after a long week or a hangover movie: we've got it all!\",\"breadcrumb\":{\"@id\":\"https:\/\/kakavdobarfilm.eu\/en\/movie-ratings\/#breadcrumb\"},\"inLanguage\":\"en-US\",\"potentialAction\":[{\"@type\":\"ReadAction\",\"target\":[\"https:\/\/kakavdobarfilm.eu\/en\/movie-ratings\/\"]}]},{\"@type\":\"ImageObject\",\"inLanguage\":\"en-US\",\"@id\":\"https:\/\/kakavdobarfilm.eu\/en\/movie-ratings\/#primaryimage\",\"url\":\"https:\/\/kakavdobarfilm.eu\/wp-content\/uploads\/2020\/10\/ocjene-filmova-1.png\",\"contentUrl\":\"https:\/\/kakavdobarfilm.eu\/wp-content\/uploads\/2020\/10\/ocjene-filmova-1.png\",\"width\":1200,\"height\":675},{\"@type\":\"BreadcrumbList\",\"@id\":\"https:\/\/kakavdobarfilm.eu\/en\/movie-ratings\/#breadcrumb\",\"itemListElement\":[{\"@type\":\"ListItem\",\"position\":1,\"name\":\"Po\u010detna stranica\",\"item\":\"https:\/\/kakavdobarfilm.eu\/en\/kakav-dobar-film\/\"},{\"@type\":\"ListItem\",\"position\":2,\"name\":\"Movie ratings\"}]},{\"@type\":\"WebSite\",\"@id\":\"https:\/\/kakavdobarfilm.eu\/en\/#website\",\"url\":\"https:\/\/kakavdobarfilm.eu\/en\/\",\"name\":\"Kakav dobar film\",\"description\":\"Reviews and insights into the latest movies\",\"publisher\":{\"@id\":\"https:\/\/kakavdobarfilm.eu\/en\/#\/schema\/person\/bc0bf3f34f50e95a0fb42faf5c0d7b1e\"},\"potentialAction\":[{\"@type\":\"SearchAction\",\"target\":{\"@type\":\"EntryPoint\",\"urlTemplate\":\"https:\/\/kakavdobarfilm.eu\/en\/?s={search_term_string}\"},\"query-input\":{\"@type\":\"PropertyValueSpecification\",\"valueRequired\":true,\"valueName\":\"search_term_string\"}}],\"inLanguage\":\"en-US\"},{\"@type\":[\"Person\",\"Organization\"],\"@id\":\"https:\/\/kakavdobarfilm.eu\/en\/#\/schema\/person\/bc0bf3f34f50e95a0fb42faf5c0d7b1e\",\"name\":\"ramona\",\"image\":{\"@type\":\"ImageObject\",\"inLanguage\":\"en-US\",\"@id\":\"https:\/\/kakavdobarfilm.eu\/en\/#\/schema\/person\/image\/\",\"url\":\"https:\/\/secure.gravatar.com\/avatar\/44a078200046a58fe2a4790cb8f53f63708f878c9439334147353fe70728253b?s=96&d=mm&r=g\",\"contentUrl\":\"https:\/\/secure.gravatar.com\/avatar\/44a078200046a58fe2a4790cb8f53f63708f878c9439334147353fe70728253b?s=96&d=mm&r=g\",\"caption\":\"ramona\"},\"logo\":{\"@id\":\"https:\/\/kakavdobarfilm.eu\/en\/#\/schema\/person\/image\/\"},\"sameAs\":[\"http:\/\/kakavdobarfilm.eu\"]}]}<\/script>\n<!-- \/ Yoast SEO plugin. -->","yoast_head_json":{"title":"Movie ratings - What a film","description":"Find a movie according to your mood with our film ratings. Maybe you're looking for a comedy to relax after a long week or a hangover movie: we've got it all!","robots":{"index":"index","follow":"follow","max-snippet":"max-snippet:-1","max-image-preview":"max-image-preview:large","max-video-preview":"max-video-preview:-1"},"canonical":"https:\/\/kakavdobarfilm.eu\/en\/movie-ratings\/","og_locale":"en_US","og_type":"article","og_title":"Movie ratings - What a film","og_description":"Find a movie according to your mood with our film ratings. Maybe you're looking for a comedy to relax after a long week or a hangover movie: we've got it all!","og_url":"https:\/\/kakavdobarfilm.eu\/en\/movie-ratings\/","og_site_name":"What a film","og_image":[{"width":1200,"height":675,"url":"https:\/\/kakavdobarfilm.eu\/wp-content\/uploads\/2020\/10\/ocjene-filmova-1.png","type":"image\/png"}],"twitter_card":"summary_large_image","twitter_misc":{"Est. reading time":"3 minutes"},"schema":{"@context":"https:\/\/schema.org","@graph":[{"@type":"WebPage","@id":"https:\/\/kakavdobarfilm.eu\/en\/movie-ratings\/","url":"https:\/\/kakavdobarfilm.eu\/en\/movie-ratings\/","name":"Movie ratings - What a film","isPartOf":{"@id":"https:\/\/kakavdobarfilm.eu\/en\/#website"},"primaryImageOfPage":{"@id":"https:\/\/kakavdobarfilm.eu\/en\/movie-ratings\/#primaryimage"},"image":{"@id":"https:\/\/kakavdobarfilm.eu\/en\/movie-ratings\/#primaryimage"},"thumbnailUrl":"https:\/\/kakavdobarfilm.eu\/wp-content\/uploads\/2020\/10\/ocjene-filmova-1.png","datePublished":"2020-11-22T19:35:23+00:00","description":"Find a movie according to your mood with our film ratings. Maybe you're looking for a comedy to relax after a long week or a hangover movie: we've got it all!","breadcrumb":{"@id":"https:\/\/kakavdobarfilm.eu\/en\/movie-ratings\/#breadcrumb"},"inLanguage":"en-US","potentialAction":[{"@type":"ReadAction","target":["https:\/\/kakavdobarfilm.eu\/en\/movie-ratings\/"]}]},{"@type":"ImageObject","inLanguage":"en-US","@id":"https:\/\/kakavdobarfilm.eu\/en\/movie-ratings\/#primaryimage","url":"https:\/\/kakavdobarfilm.eu\/wp-content\/uploads\/2020\/10\/ocjene-filmova-1.png","contentUrl":"https:\/\/kakavdobarfilm.eu\/wp-content\/uploads\/2020\/10\/ocjene-filmova-1.png","width":1200,"height":675},{"@type":"BreadcrumbList","@id":"https:\/\/kakavdobarfilm.eu\/en\/movie-ratings\/#breadcrumb","itemListElement":[{"@type":"ListItem","position":1,"name":"Po\u010detna stranica","item":"https:\/\/kakavdobarfilm.eu\/en\/kakav-dobar-film\/"},{"@type":"ListItem","position":2,"name":"Movie ratings"}]},{"@type":"WebSite","@id":"https:\/\/kakavdobarfilm.eu\/en\/#website","url":"https:\/\/kakavdobarfilm.eu\/en\/","name":"Kakav dobar film","description":"Reviews and insights into the latest movies","publisher":{"@id":"https:\/\/kakavdobarfilm.eu\/en\/#\/schema\/person\/bc0bf3f34f50e95a0fb42faf5c0d7b1e"},"potentialAction":[{"@type":"SearchAction","target":{"@type":"EntryPoint","urlTemplate":"https:\/\/kakavdobarfilm.eu\/en\/?s={search_term_string}"},"query-input":{"@type":"PropertyValueSpecification","valueRequired":true,"valueName":"search_term_string"}}],"inLanguage":"en-US"},{"@type":["Person","Organization"],"@id":"https:\/\/kakavdobarfilm.eu\/en\/#\/schema\/person\/bc0bf3f34f50e95a0fb42faf5c0d7b1e","name":"ramona","image":{"@type":"ImageObject","inLanguage":"en-US","@id":"https:\/\/kakavdobarfilm.eu\/en\/#\/schema\/person\/image\/","url":"https:\/\/secure.gravatar.com\/avatar\/44a078200046a58fe2a4790cb8f53f63708f878c9439334147353fe70728253b?s=96&d=mm&r=g","contentUrl":"https:\/\/secure.gravatar.com\/avatar\/44a078200046a58fe2a4790cb8f53f63708f878c9439334147353fe70728253b?s=96&d=mm&r=g","caption":"ramona"},"logo":{"@id":"https:\/\/kakavdobarfilm.eu\/en\/#\/schema\/person\/image\/"},"sameAs":["http:\/\/kakavdobarfilm.eu"]}]}},"amp_enabled":true,"_links":{"self":[{"href":"https:\/\/kakavdobarfilm.eu\/en\/wp-json\/wp\/v2\/pages\/9402","targetHints":{"allow":["GET"]}}],"collection":[{"href":"https:\/\/kakavdobarfilm.eu\/en\/wp-json\/wp\/v2\/pages"}],"about":[{"href":"https:\/\/kakavdobarfilm.eu\/en\/wp-json\/wp\/v2\/types\/page"}],"author":[{"embeddable":true,"href":"https:\/\/kakavdobarfilm.eu\/en\/wp-json\/wp\/v2\/users\/1"}],"replies":[{"embeddable":true,"href":"https:\/\/kakavdobarfilm.eu\/en\/wp-json\/wp\/v2\/comments?post=9402"}],"version-history":[{"count":0,"href":"https:\/\/kakavdobarfilm.eu\/en\/wp-json\/wp\/v2\/pages\/9402\/revisions"}],"wp:featuredmedia":[{"embeddable":true,"href":"https:\/\/kakavdobarfilm.eu\/en\/wp-json\/wp\/v2\/media\/8627"}],"wp:attachment":[{"href":"https:\/\/kakavdobarfilm.eu\/en\/wp-json\/wp\/v2\/media?parent=9402"}],"curies":[{"name":"wp","href":"https:\/\/api.w.org\/{rel}","templated":true}]}}